{"id":15,"date":"2021-02-03T18:06:40","date_gmt":"2021-02-03T17:06:40","guid":{"rendered":"https:\/\/enfiteu.c-1614.maxcluster.net\/?page_id=15"},"modified":"2022-05-21T08:14:51","modified_gmt":"2022-05-21T06:14:51","slug":"verband","status":"publish","type":"page","link":"https:\/\/www.enfit.eu\/de\/verband","title":{"rendered":"Verband"},"content":{"rendered":"","protected":false},"excerpt":{"rendered":"","protected":false},"author":1,"featured_media":0,"parent":0,"menu_order":2,"comment_status":"closed","ping_status":"closed","template":"custom_page.php","meta":{"_acf_changed":false,"footnotes":""},"class_list":["post-15","page","type-page","status-publish","hentry"],"acf":[],"yoast_head":"<!-- This site is optimized with the Yoast SEO plugin v27.0 - https:\/\/yoast.com\/product\/yoast-seo-wordpress\/ -->\n<title>Der Verband - ENFIT e.V.<\/title>\n<meta name=\"description\" content=\"ENFIT entwickelt Standards f\u00fcr die Reinigung, R\u00fcckverfolgbarkeit, Transparenz und Sicherheit in der Supply Chai von Transportbeh\u00e4lter.\" \/>\n<meta name=\"robots\" content=\"index, follow, max-snippet:-1, max-image-preview:large, max-video-preview:-1\" \/>\n<link rel=\"canonical\" href=\"https:\/\/www.enfit.eu\/de\/verband\" \/>\n<meta property=\"og:locale\" content=\"de_DE\" \/>\n<meta property=\"og:type\" content=\"article\" \/>\n<meta property=\"og:title\" content=\"Der Verband - ENFIT e.V.\" \/>\n<meta property=\"og:description\" content=\"ENFIT entwickelt Standards f\u00fcr die Reinigung, R\u00fcckverfolgbarkeit, Transparenz und Sicherheit in der Supply Chai von Transportbeh\u00e4lter.\" \/>\n<meta property=\"og:url\" content=\"https:\/\/www.enfit.eu\/de\/verband\" \/>\n<meta property=\"og:site_name\" content=\"ENFIT e.V.\" \/>\n<meta property=\"article:modified_time\" content=\"2022-05-21T06:14:51+00:00\" \/>\n<meta name=\"twitter:card\" content=\"summary_large_image\" \/>\n<!-- \/ Yoast SEO plugin. -->","yoast_head_json":{"title":"Der Verband - ENFIT e.V.","description":"ENFIT entwickelt Standards f\u00fcr die Reinigung, R\u00fcckverfolgbarkeit, Transparenz und Sicherheit in der Supply Chai von Transportbeh\u00e4lter.","robots":{"index":"index","follow":"follow","max-snippet":"max-snippet:-1","max-image-preview":"max-image-preview:large","max-video-preview":"max-video-preview:-1"},"canonical":"https:\/\/www.enfit.eu\/de\/verband","og_locale":"de_DE","og_type":"article","og_title":"Der Verband - ENFIT e.V.","og_description":"ENFIT entwickelt Standards f\u00fcr die Reinigung, R\u00fcckverfolgbarkeit, Transparenz und Sicherheit in der Supply Chai von Transportbeh\u00e4lter.","og_url":"https:\/\/www.enfit.eu\/de\/verband","og_site_name":"ENFIT e.V.","article_modified_time":"2022-05-21T06:14:51+00:00","twitter_card":"summary_large_image","schema":{"@context":"https:\/\/schema.org","@graph":[{"@type":"WebPage","@id":"https:\/\/www.enfit.eu\/de\/verband","url":"https:\/\/www.enfit.eu\/de\/verband","name":"Der Verband - ENFIT e.V.","isPartOf":{"@id":"https:\/\/www.enfit.eu\/de#website"},"datePublished":"2021-02-03T17:06:40+00:00","dateModified":"2022-05-21T06:14:51+00:00","description":"ENFIT entwickelt Standards f\u00fcr die Reinigung, R\u00fcckverfolgbarkeit, Transparenz und Sicherheit in der Supply Chai von Transportbeh\u00e4lter.","breadcrumb":{"@id":"https:\/\/www.enfit.eu\/de\/verband#breadcrumb"},"inLanguage":"de","potentialAction":[{"@type":"ReadAction","target":["https:\/\/www.enfit.eu\/de\/verband"]}]},{"@type":"BreadcrumbList","@id":"https:\/\/www.enfit.eu\/de\/verband#breadcrumb","itemListElement":[{"@type":"ListItem","position":1,"name":"","item":"https:\/\/www.enfit.eu\/de"},{"@type":"ListItem","position":2,"name":"Verband"}]},{"@type":"WebSite","@id":"https:\/\/www.enfit.eu\/de#website","url":"https:\/\/www.enfit.eu\/de","name":"ENFIT e.V.","description":"Internationaler Verband Supply Chain Safety","potentialAction":[{"@type":"SearchAction","target":{"@type":"EntryPoint","urlTemplate":"https:\/\/www.enfit.eu\/de?s={search_term_string}"},"query-input":{"@type":"PropertyValueSpecification","valueRequired":true,"valueName":"search_term_string"}}],"inLanguage":"de"}]}},"_links":{"self":[{"href":"https:\/\/www.enfit.eu\/de\/wp-json\/wp\/v2\/pages\/15","targetHints":{"allow":["GET"]}}],"collection":[{"href":"https:\/\/www.enfit.eu\/de\/wp-json\/wp\/v2\/pages"}],"about":[{"href":"https:\/\/www.enfit.eu\/de\/wp-json\/wp\/v2\/types\/page"}],"author":[{"embeddable":true,"href":"https:\/\/www.enfit.eu\/de\/wp-json\/wp\/v2\/users\/1"}],"replies":[{"embeddable":true,"href":"https:\/\/www.enfit.eu\/de\/wp-json\/wp\/v2\/comments?post=15"}],"version-history":[{"count":3,"href":"https:\/\/www.enfit.eu\/de\/wp-json\/wp\/v2\/pages\/15\/revisions"}],"predecessor-version":[{"id":6532,"href":"https:\/\/www.enfit.eu\/de\/wp-json\/wp\/v2\/pages\/15\/revisions\/6532"}],"wp:attachment":[{"href":"https:\/\/www.enfit.eu\/de\/wp-json\/wp\/v2\/media?parent=15"}],"curies":[{"name":"wp","href":"https:\/\/api.w.org\/{rel}","templated":true}]}}